{"id":975,"date":"2024-02-14T11:07:55","date_gmt":"2024-02-14T16:07:55","guid":{"rendered":"https:\/\/hotelleriecotenord.com\/hebergements\/?page_id=975"},"modified":"2025-04-23T09:39:04","modified_gmt":"2025-04-23T14:39:04","slug":"attraits-les-bergeronnes","status":"publish","type":"page","link":"https:\/\/hotelleriecotenord.com\/hebergements\/attraits-les-bergeronnes\/","title":{"rendered":"Attraits Les Bergeronnes"},"content":{"rendered":"<p>[et_pb_section fb_built=\u00a0\u00bb1&Prime; fullwidth=\u00a0\u00bbon\u00a0\u00bb _builder_version=\u00a0\u00bb4.27.4&Prime; _module_preset=\u00a0\u00bbdefault\u00a0\u00bb global_colors_info=\u00a0\u00bb{}\u00a0\u00bb][et_pb_fullwidth_header text_orientation=\u00a0\u00bbcenter\u00a0\u00bb logo_image_url=\u00a0\u00bbhttps:\/\/hotelleriecotenord.com\/hebergements\/wp-content\/uploads\/2025\/04\/entete-motellacroisiere-bleumarin.jpg\u00a0\u00bb _builder_version=\u00a0\u00bb4.27.4&Prime; _module_preset=\u00a0\u00bbdefault\u00a0\u00bb background_color=\u00a0\u00bb#00222D\u00a0\u00bb custom_margin=\u00a0\u00bb||4px|||\u00a0\u00bb custom_padding=\u00a0\u00bb15px||18px|||\u00a0\u00bb global_colors_info=\u00a0\u00bb{}\u00a0\u00bb][\/et_pb_fullwidth_header][\/et_pb_section][et_pb_section fb_built=\u00a0\u00bb1&Prime; _builder_version=\u00a0\u00bb4.24.3&Prime; _module_preset=\u00a0\u00bbdefault\u00a0\u00bb background_color=\u00a0\u00bbRGBA(255,255,255,0)\u00a0\u00bb global_colors_info=\u00a0\u00bb{}\u00a0\u00bb][et_pb_row column_structure=\u00a0\u00bb3_5,2_5&Prime; _builder_version=\u00a0\u00bb4.24.3&Prime; _module_preset=\u00a0\u00bbdefault\u00a0\u00bb module_alignment=\u00a0\u00bbcenter\u00a0\u00bb global_colors_info=\u00a0\u00bb{}\u00a0\u00bb][et_pb_column type=\u00a0\u00bb3_5&Prime; _builder_version=\u00a0\u00bb4.24.3&Prime; _module_preset=\u00a0\u00bbdefault\u00a0\u00bb global_colors_info=\u00a0\u00bb{}\u00a0\u00bb][et_pb_image src=\u00a0\u00bbhttps:\/\/hotelleriecotenord.com\/hebergements\/wp-content\/uploads\/2025\/04\/Phare_Bergeronnes.webp\u00a0\u00bb alt=\u00a0\u00bbPhare Bergeronnes\u00a0\u00bb title_text=\u00a0\u00bbPhare_Bergeronnes\u00a0\u00bb force_fullwidth=\u00a0\u00bbon\u00a0\u00bb _builder_version=\u00a0\u00bb4.27.4&Prime; _module_preset=\u00a0\u00bbdefault\u00a0\u00bb global_colors_info=\u00a0\u00bb{}\u00a0\u00bb][\/et_pb_image][\/et_pb_column][et_pb_column type=\u00a0\u00bb2_5&Prime; _builder_version=\u00a0\u00bb4.24.3&Prime; _module_preset=\u00a0\u00bbdefault\u00a0\u00bb global_colors_info=\u00a0\u00bb{}\u00a0\u00bb][et_pb_text _builder_version=\u00a0\u00bb4.24.3&Prime; _module_preset=\u00a0\u00bbdefault\u00a0\u00bb text_font=\u00a0\u00bb|700|||||||\u00a0\u00bb text_text_color=\u00a0\u00bb#007096&Prime; header_2_font=\u00a0\u00bb|600|||||||\u00a0\u00bb header_3_font=\u00a0\u00bb|600|||||||\u00a0\u00bb header_3_text_color=\u00a0\u00bb#007096&Prime; module_alignment=\u00a0\u00bbleft\u00a0\u00bb custom_margin=\u00a0\u00bb||||false|false\u00a0\u00bb custom_padding=\u00a0\u00bb||||false|false\u00a0\u00bb global_colors_info=\u00a0\u00bb{}\u00a0\u00bb]<\/p>\n<h3><em>\u00c0 voir lors de votre s\u00e9jour<\/em><\/h3>\n<p>[\/et_pb_text][et_pb_text _builder_version=\u00a0\u00bb4.24.3&Prime; _module_preset=\u00a0\u00bbdefault\u00a0\u00bb text_font=\u00a0\u00bb|700|||||||\u00a0\u00bb text_text_color=\u00a0\u00bb#00222D\u00a0\u00bb text_font_size=\u00a0\u00bb28px\u00a0\u00bb custom_margin=\u00a0\u00bb-18px||16px||false|false\u00a0\u00bb custom_padding=\u00a0\u00bb||||false|false\u00a0\u00bb text_text_shadow_style=\u00a0\u00bbpreset2&Prime; global_colors_info=\u00a0\u00bb{}\u00a0\u00bb]<\/p>\n<p style=\"text-align: left;\">&#8212;&#8212;- ATTRAITS\u00a0 &#8212;&#8212;-<\/p>\n<p>[\/et_pb_text][et_pb_text _builder_version=\u00a0\u00bb4.27.4&Prime; _module_preset=\u00a0\u00bbdefault\u00a0\u00bb text_font=\u00a0\u00bb||||||||\u00a0\u00bb text_font_size=\u00a0\u00bb15px\u00a0\u00bb custom_padding=\u00a0\u00bb||||false|false\u00a0\u00bb global_colors_info=\u00a0\u00bb{}\u00a0\u00bb]<\/p>\n<p style=\"text-align: left;\">Notre situation g\u00e9ographique vous permettra de profiter des nombreuses activit\u00e9s offertes aux Bergeronnes.<\/p>\n<p>Le Cap-de-Bon-D\u00e9sir un endroit majestueux, o\u00f9 il est possible d&rsquo;observer les baleines et les photques qui viennent s&rsquo;alimenter tout pr\u00e8s de la rive.<\/p>\n<p>[\/et_pb_text][\/et_pb_column][\/et_pb_row][et_pb_row column_structure=\u00a0\u00bb2_5,3_5&Prime; _builder_version=\u00a0\u00bb4.24.3&Prime; _module_preset=\u00a0\u00bbdefault\u00a0\u00bb global_colors_info=\u00a0\u00bb{}\u00a0\u00bb][et_pb_column type=\u00a0\u00bb2_5&Prime; _builder_version=\u00a0\u00bb4.24.3&Prime; _module_preset=\u00a0\u00bbdefault\u00a0\u00bb global_colors_info=\u00a0\u00bb{}\u00a0\u00bb][et_pb_text _builder_version=\u00a0\u00bb4.24.3&Prime; _module_preset=\u00a0\u00bbdefault\u00a0\u00bb text_font=\u00a0\u00bb|700|||||||\u00a0\u00bb text_text_color=\u00a0\u00bb#007096&Prime; header_2_font=\u00a0\u00bb|600|||||||\u00a0\u00bb header_3_font=\u00a0\u00bb|600|||||||\u00a0\u00bb header_3_text_color=\u00a0\u00bb#007096&Prime; module_alignment=\u00a0\u00bbleft\u00a0\u00bb custom_margin=\u00a0\u00bb||||false|false\u00a0\u00bb custom_padding=\u00a0\u00bb||||false|false\u00a0\u00bb global_colors_info=\u00a0\u00bb{}\u00a0\u00bb]<\/p>\n<h3><em>Une r\u00e9gion \u00e0 visiter<\/em><\/h3>\n<p>[\/et_pb_text][et_pb_text _builder_version=\u00a0\u00bb4.27.4&Prime; _module_preset=\u00a0\u00bbdefault\u00a0\u00bb text_font=\u00a0\u00bb|700|||||||\u00a0\u00bb text_text_color=\u00a0\u00bb#00222D\u00a0\u00bb text_font_size=\u00a0\u00bb28px\u00a0\u00bb custom_margin=\u00a0\u00bb-18px||16px||false|false\u00a0\u00bb custom_padding=\u00a0\u00bb||||false|false\u00a0\u00bb text_text_shadow_style=\u00a0\u00bbpreset2&Prime; global_colors_info=\u00a0\u00bb{}\u00a0\u00bb]<\/p>\n<p style=\"text-align: left;\">&#8212;&#8211; Les Bergeronnes\u00a0 &#8212;&#8211;<\/p>\n<p>[\/et_pb_text][et_pb_text _builder_version=\u00a0\u00bb4.27.4&Prime; _module_preset=\u00a0\u00bbdefault\u00a0\u00bb text_font=\u00a0\u00bb||||||||\u00a0\u00bb text_font_size=\u00a0\u00bb15px\u00a0\u00bb custom_padding=\u00a0\u00bb||||false|false\u00a0\u00bb global_colors_info=\u00a0\u00bb{}\u00a0\u00bb]<\/p>\n<ul>\n<li>L&rsquo;Arch\u00e9o Topo\u00a0<\/li>\n<li>Base de plein air<\/li>\n<li>Cap-de-Bon-D\u00e9sir<\/li>\n<li>Kayak de mer<\/li>\n<li>Marina<\/li>\n<li>Sentier\u00a0<\/li>\n<li>Croisi\u00e8res aux baleines (r\u00e9servation disponible directement avec nous)<\/li>\n<\/ul>\n<p>[\/et_pb_text][\/et_pb_column][et_pb_column type=\u00a0\u00bb3_5&Prime; _builder_version=\u00a0\u00bb4.24.3&Prime; _module_preset=\u00a0\u00bbdefault\u00a0\u00bb global_colors_info=\u00a0\u00bb{}\u00a0\u00bb][et_pb_image src=\u00a0\u00bbhttps:\/\/hotelleriecotenord.com\/hebergements\/wp-content\/uploads\/2025\/04\/attraits-B-croisiere.webp\u00a0\u00bb alt=\u00a0\u00bbExcursion en bateau Zodiac\u00a0\u00bb title_text=\u00a0\u00bbExcursion en bateau Zodiac\u00a0\u00bb _builder_version=\u00a0\u00bb4.27.4&Prime; _module_preset=\u00a0\u00bbdefault\u00a0\u00bb global_colors_info=\u00a0\u00bb{}\u00a0\u00bb][\/et_pb_image][\/et_pb_column][\/et_pb_row][et_pb_row _builder_version=\u00a0\u00bb4.27.4&Prime; _module_preset=\u00a0\u00bbdefault\u00a0\u00bb global_colors_info=\u00a0\u00bb{}\u00a0\u00bb][et_pb_column type=\u00a0\u00bb4_4&Prime; _builder_version=\u00a0\u00bb4.24.3&Prime; _module_preset=\u00a0\u00bbdefault\u00a0\u00bb global_colors_info=\u00a0\u00bb{}\u00a0\u00bb][lwp_image_carousel gallery_ids=\u00a0\u00bb989,983,985,986,984,987&Prime; slides_show=\u00a0\u00bb4&Prime; autoplay_animation=\u00a0\u00bbon\u00a0\u00bb arrow_color=\u00a0\u00bbRGBA(255,255,255,0)\u00a0\u00bb _builder_version=\u00a0\u00bb4.27.4&Prime; _module_preset=\u00a0\u00bbdefault\u00a0\u00bb background_color=\u00a0\u00bbRGBA(255,255,255,0)\u00a0\u00bb box_shadow_style_image=\u00a0\u00bbpreset1&Prime; global_colors_info=\u00a0\u00bb{}\u00a0\u00bb][\/lwp_image_carousel][\/et_pb_column][\/et_pb_row][\/et_pb_section]<\/p>\n","protected":false},"excerpt":{"rendered":"<p>\u00c0 voir lors de votre s\u00e9jour&#8212;&#8212;- ATTRAITS\u00a0 &#8212;&#8212;-Notre situation g\u00e9ographique vous permettra de profiter des nombreuses activit\u00e9s offertes aux Bergeronnes. Le Cap-de-Bon-D\u00e9sir un endroit majestueux, o\u00f9 il est possible d&rsquo;observer les baleines et les photques qui viennent s&rsquo;alimenter tout pr\u00e8s de la rive.Une r\u00e9gion \u00e0 visiter&#8212;&#8211; Les Bergeronnes\u00a0 &#8212;&#8211; L&rsquo;Arch\u00e9o Topo\u00a0 Base de plein air Cap-de-Bon-D\u00e9sir Kayak de mer Marina Sentier\u00a0 Croisi\u00e8res aux baleines (r\u00e9servation disponible directement avec nous) <div class=\"et_pb_module lwp_image_carousel lwp_image_carousel_0\">\n\t\t\t\t\n\t\t\t\t\n\t\t\t\t\n\t\t\t\t\n\t\t\t\t\n\t\t\t\t\n\t\t\t\t<div class=\"et_pb_module_inner\">\n\t\t\t\t\t\r\n\t\t\t<section class=\"lwp-slick-slider slider small-slider lwp-default-slider lwp-side-center\" data-slick='{ \"vertical\":false, \"slidesToShow\": 4, \"slidesToScroll\": 1, \"dots\":true, \"arrows\":true, \"infinite\":false, \"autoplay\":true, \"autoplaySpeed\":2000, \"pauseOnHover\":true, \"adaptiveHeight\":true, \"speed\":300, \"cssEase\":\"ease\", \"responsive\": [ { \"breakpoint\": 980, \"settings\": { \"slidesToShow\": 4, \"slidesToScroll\": 1, \"arrows\":true,\"dots\":true } } ,{ \"breakpoint\": 767, \"settings\": { \"slidesToShow\": 1, \"slidesToScroll\": 1, \"arrows\":true,\"dots\":true } } ] }'>\r\n\t\t\t\t<div><img decoding=\"async\" src=\"https:\/\/hotelleriecotenord.com\/hebergements\/wp-content\/uploads\/2025\/04\/attraits-B-Archeo-Topo.webp\" alt=\"Archeo-Topo\" title=\"Archeo-Topo\"><\/div><div><img decoding=\"async\" src=\"https:\/\/hotelleriecotenord.com\/hebergements\/wp-content\/uploads\/2025\/04\/attraits-B-baleine-1.webp\" alt=\"\" title=\"attraits-B-baleine-1\"><\/div><div><img decoding=\"async\" src=\"https:\/\/hotelleriecotenord.com\/hebergements\/wp-content\/uploads\/2025\/04\/attraits-B-baleine-3.webp\" alt=\"\" title=\"attraits-B-baleine-3\"><\/div><div><img decoding=\"async\" src=\"https:\/\/hotelleriecotenord.com\/hebergements\/wp-content\/uploads\/2025\/04\/attraits-B-phare-bergeronnes.webp\" alt=\"Cap-de-Bon-D\u00e9sir\" title=\"Cap-de-Bon-D\u00e9sir\"><\/div><div><img decoding=\"async\" src=\"https:\/\/hotelleriecotenord.com\/hebergements\/wp-content\/uploads\/2025\/04\/attraits-B-baleine-2.webp\" alt=\"\" title=\"attraits-B-baleine-2\"><\/div><div><img decoding=\"async\" src=\"https:\/\/hotelleriecotenord.com\/hebergements\/wp-content\/uploads\/2025\/04\/attraits-B-ours.webp\" alt=\"\" title=\"attraits-B-ours\"><\/div>\r\n\t\t\t<\/section>\n\t\t\t\t<\/div>\n\t\t\t<\/div><\/p>\n","protected":false},"author":1,"featured_media":0,"parent":0,"menu_order":0,"comment_status":"closed","ping_status":"closed","template":"","meta":{"_et_pb_use_builder":"on","_et_pb_old_content":"","_et_gb_content_width":"","footnotes":""},"class_list":["post-975","page","type-page","status-publish","hentry"],"_links":{"self":[{"href":"https:\/\/hotelleriecotenord.com\/hebergements\/wp-json\/wp\/v2\/pages\/975","targetHints":{"allow":["GET"]}}],"collection":[{"href":"https:\/\/hotelleriecotenord.com\/hebergements\/wp-json\/wp\/v2\/pages"}],"about":[{"href":"https:\/\/hotelleriecotenord.com\/hebergements\/wp-json\/wp\/v2\/types\/page"}],"author":[{"embeddable":true,"href":"https:\/\/hotelleriecotenord.com\/hebergements\/wp-json\/wp\/v2\/users\/1"}],"replies":[{"embeddable":true,"href":"https:\/\/hotelleriecotenord.com\/hebergements\/wp-json\/wp\/v2\/comments?post=975"}],"version-history":[{"count":13,"href":"https:\/\/hotelleriecotenord.com\/hebergements\/wp-json\/wp\/v2\/pages\/975\/revisions"}],"predecessor-version":[{"id":1077,"href":"https:\/\/hotelleriecotenord.com\/hebergements\/wp-json\/wp\/v2\/pages\/975\/revisions\/1077"}],"wp:attachment":[{"href":"https:\/\/hotelleriecotenord.com\/hebergements\/wp-json\/wp\/v2\/media?parent=975"}],"curies":[{"name":"wp","href":"https:\/\/api.w.org\/{rel}","templated":true}]}}