{"id":883,"date":"2024-01-31T20:34:56","date_gmt":"2024-02-01T01:34:56","guid":{"rendered":"http:\/\/localhost\/hebergements\/?page_id=883"},"modified":"2025-04-23T15:59:49","modified_gmt":"2025-04-23T20:59:49","slug":"home","status":"publish","type":"page","link":"https:\/\/hotelleriecotenord.com\/en\/","title":{"rendered":"Home"},"content":{"rendered":"<p>[et_pb_section fb_built=\u00a0\u00bb1&Prime; admin_label=\u00a0\u00bbSection\u00a0\u00bb _builder_version=\u00a0\u00bb4.24.0&Prime; _module_preset=\u00a0\u00bbdefault\u00a0\u00bb background_color=\u00a0\u00bb#00222D\u00a0\u00bb min_height=\u00a0\u00bb794px\u00a0\u00bb custom_padding=\u00a0\u00bb|4px|78px|||\u00a0\u00bb global_colors_info=\u00a0\u00bb{}\u00a0\u00bb][et_pb_row _builder_version=\u00a0\u00bb4.24.0&Prime; _module_preset=\u00a0\u00bbdefault\u00a0\u00bb global_colors_info=\u00a0\u00bb{}\u00a0\u00bb][et_pb_column type=\u00a0\u00bb4_4&Prime; _builder_version=\u00a0\u00bb4.24.0&Prime; _module_preset=\u00a0\u00bbdefault\u00a0\u00bb global_colors_info=\u00a0\u00bb{}\u00a0\u00bb][et_pb_image src=\u00a0\u00bbhttps:\/\/hotelleriecotenord.com\/en\/wp-content\/uploads\/2025\/04\/color2025-white_logo_dark_background-scaled.webp\u00a0\u00bb alt=\u00a0\u00bbH\u00f4tellerie C\u00f4te Nord &#8211; Escoumins, Forestville\u00a0\u00bb title_text=\u00a0\u00bbcolor2025-white_logo_dark_background\u00a0\u00bb _builder_version=\u00a0\u00bb4.27.4&Prime; _module_preset=\u00a0\u00bbdefault\u00a0\u00bb background_image=\u00a0\u00bbhttps:\/\/hotelleriecotenord.com\/hebergements\/wp-content\/uploads\/2024\/02\/color2-white_logo_dark_background.png\u00a0\u00bb background_last_edited=\u00a0\u00bbon|desktop\u00a0\u00bb global_colors_info=\u00a0\u00bb{}\u00a0\u00bb][\/et_pb_image][\/et_pb_column][\/et_pb_row][et_pb_row column_structure=\u00a0\u00bb1_3,1_3,1_3&Prime; _builder_version=\u00a0\u00bb4.24.0&Prime; _module_preset=\u00a0\u00bbdefault\u00a0\u00bb background_color=\u00a0\u00bb#007096&Prime; custom_padding=\u00a0\u00bb|25px|16px|25px|false|false\u00a0\u00bb border_radii=\u00a0\u00bbon|20px|20px|20px|20px\u00a0\u00bb border_width_all=\u00a0\u00bb2px\u00a0\u00bb border_color_all=\u00a0\u00bb#007096&Prime; box_shadow_style=\u00a0\u00bbpreset1&Prime; global_colors_info=\u00a0\u00bb{}\u00a0\u00bb][et_pb_column type=\u00a0\u00bb1_3&Prime; _builder_version=\u00a0\u00bb4.24.0&Prime; _module_preset=\u00a0\u00bbdefault\u00a0\u00bb global_colors_info=\u00a0\u00bb{}\u00a0\u00bb][et_pb_image src=\u00a0\u00bbhttps:\/\/hotelleriecotenord.com\/hebergements\/wp-content\/uploads\/2024\/02\/Les-Escoumins-accueil.jpg\u00a0\u00bb alt=\u00a0\u00bbComplexe H\u00f4telier Escoumins\u00a0\u00bb title_text=\u00a0\u00bbLes-Escoumins-accueil\u00a0\u00bb _builder_version=\u00a0\u00bb4.27.4&Prime; _module_preset=\u00a0\u00bbdefault\u00a0\u00bb hover_enabled=\u00a0\u00bb0&Prime; box_shadow_style=\u00a0\u00bbpreset1&Prime; global_colors_info=\u00a0\u00bb{}\u00a0\u00bb url=\u00a0\u00bb@ET-DC@eyJkeW5hbWljIjp0cnVlLCJjb250ZW50IjoicG9zdF9saW5rX3VybF9wYWdlIiwic2V0dGluZ3MiOnsicG9zdF9pZCI6IjE2NSJ9fQ==@\u00a0\u00bb _dynamic_attributes=\u00a0\u00bburl\u00a0\u00bb sticky_enabled=\u00a0\u00bb0&Prime;][\/et_pb_image][et_pb_text _builder_version=\u00a0\u00bb4.27.4&Prime; _module_preset=\u00a0\u00bbdefault\u00a0\u00bb text_font=\u00a0\u00bb|600|||||||\u00a0\u00bb text_text_color=\u00a0\u00bb#FFFFFF\u00a0\u00bb header_3_text_color=\u00a0\u00bb#FFFFFF\u00a0\u00bb custom_margin=\u00a0\u00bb||12px|||\u00a0\u00bb global_colors_info=\u00a0\u00bb{}\u00a0\u00bb]<\/p>\n<h3 style=\"text-align: center;\">Phone: <a href=\"tel:4182332401\">418 233-2401<\/a><\/h3>\n<h3 style=\"text-align: center;\"><a href=\"tel:1888baleine\">1-888-baleine<\/a><\/h3>\n<p>[\/et_pb_text][et_pb_button button_url=\u00a0\u00bbhttps:\/\/app.mews.com\/distributor\/865dce74-6b44-4b34-9a9e-b1570086cb7e\u00a0\u00bb button_text=\u00a0\u00bbBOOK here Escoumins\u00a0\u00bb button_alignment=\u00a0\u00bbcenter\u00a0\u00bb _builder_version=\u00a0\u00bb4.25.0&Prime; _module_preset=\u00a0\u00bbdefault\u00a0\u00bb custom_button=\u00a0\u00bbon\u00a0\u00bb button_text_color=\u00a0\u00bb#FFFFFF\u00a0\u00bb button_bg_color=\u00a0\u00bb#00222D\u00a0\u00bb button_border_width=\u00a0\u00bb5px\u00a0\u00bb button_border_radius=\u00a0\u00bb9px\u00a0\u00bb button_icon=\u00a0\u00bb&#xf487;||fa||900&Prime; global_colors_info=\u00a0\u00bb{}\u00a0\u00bb][\/et_pb_button][\/et_pb_column][et_pb_column type=\u00a0\u00bb1_3&Prime; _builder_version=\u00a0\u00bb4.24.0&Prime; _module_preset=\u00a0\u00bbdefault\u00a0\u00bb global_colors_info=\u00a0\u00bb{}\u00a0\u00bb][et_pb_image src=\u00a0\u00bbhttps:\/\/hotelleriecotenord.com\/hebergements\/wp-content\/uploads\/2024\/02\/Motel4Saisons-accueil.jpg\u00a0\u00bb alt=\u00a0\u00bbMotel 4 Saisons, Forestville\u00a0\u00bb title_text=\u00a0\u00bbMotel4Saisons-accueil\u00a0\u00bb _builder_version=\u00a0\u00bb4.27.4&Prime; _module_preset=\u00a0\u00bbdefault\u00a0\u00bb hover_enabled=\u00a0\u00bb0&Prime; box_shadow_style=\u00a0\u00bbpreset1&Prime; global_colors_info=\u00a0\u00bb{}\u00a0\u00bb url=\u00a0\u00bb@ET-DC@eyJkeW5hbWljIjp0cnVlLCJjb250ZW50IjoicG9zdF9saW5rX3VybF9wYWdlIiwic2V0dGluZ3MiOnsicG9zdF9pZCI6Ijg1MCJ9fQ==@\u00a0\u00bb _dynamic_attributes=\u00a0\u00bburl\u00a0\u00bb sticky_enabled=\u00a0\u00bb0&Prime;][\/et_pb_image][et_pb_text _builder_version=\u00a0\u00bb4.27.4&Prime; _module_preset=\u00a0\u00bbdefault\u00a0\u00bb text_font=\u00a0\u00bb|600|||||||\u00a0\u00bb text_text_color=\u00a0\u00bb#FFFFFF\u00a0\u00bb header_3_text_color=\u00a0\u00bb#FFFFFF\u00a0\u00bb custom_margin=\u00a0\u00bb||34px|||\u00a0\u00bb global_colors_info=\u00a0\u00bb{}\u00a0\u00bb]<\/p>\n<h3 style=\"text-align: center;\">Phone: <a href=\"tel:4185876666\">418 587-6666<\/a><\/h3>\n<h3 style=\"text-align: center;\"><\/h3>\n<p>[\/et_pb_text][et_pb_button button_url=\u00a0\u00bbhttps:\/\/app.mews.com\/distributor\/1fc8687d-3b09-4098-9b90-b155006800c3&Prime; button_text=\u00a0\u00bbBOOK here Forestville\u00a0\u00bb button_alignment=\u00a0\u00bbcenter\u00a0\u00bb _builder_version=\u00a0\u00bb4.25.0&Prime; _module_preset=\u00a0\u00bbdefault\u00a0\u00bb custom_button=\u00a0\u00bbon\u00a0\u00bb button_text_color=\u00a0\u00bb#FFFFFF\u00a0\u00bb button_bg_color=\u00a0\u00bb#00222D\u00a0\u00bb button_border_width=\u00a0\u00bb5px\u00a0\u00bb button_border_radius=\u00a0\u00bb9px\u00a0\u00bb button_icon=\u00a0\u00bb&#xf487;||fa||900&Prime; global_colors_info=\u00a0\u00bb{}\u00a0\u00bb][\/et_pb_button][\/et_pb_column][et_pb_column type=\u00a0\u00bb1_3&Prime; _builder_version=\u00a0\u00bb4.27.4&Prime; _module_preset=\u00a0\u00bbdefault\u00a0\u00bb global_colors_info=\u00a0\u00bb{}\u00a0\u00bb][et_pb_image src=\u00a0\u00bbhttps:\/\/hotelleriecotenord.com\/en\/wp-content\/uploads\/2025\/04\/motel-la-croisiere-accueil.jpg\u00a0\u00bb alt=\u00a0\u00bbMotel 4 Saisons, Forestville\u00a0\u00bb title_text=\u00a0\u00bbmotel-la-croisiere-accueil\u00a0\u00bb _builder_version=\u00a0\u00bb4.27.4&Prime; _module_preset=\u00a0\u00bbdefault\u00a0\u00bb hover_enabled=\u00a0\u00bb0&Prime; box_shadow_style=\u00a0\u00bbpreset1&Prime; global_colors_info=\u00a0\u00bb{}\u00a0\u00bb url=\u00a0\u00bb@ET-DC@eyJkeW5hbWljIjp0cnVlLCJjb250ZW50IjoicG9zdF9saW5rX3VybF9wYWdlIiwic2V0dGluZ3MiOnsicG9zdF9pZCI6IjEwNDQifX0=@\u00a0\u00bb _dynamic_attributes=\u00a0\u00bburl\u00a0\u00bb sticky_enabled=\u00a0\u00bb0&Prime;][\/et_pb_image][et_pb_text _builder_version=\u00a0\u00bb4.27.4&Prime; _module_preset=\u00a0\u00bbdefault\u00a0\u00bb text_font=\u00a0\u00bb|600|||||||\u00a0\u00bb text_text_color=\u00a0\u00bb#FFFFFF\u00a0\u00bb header_3_text_color=\u00a0\u00bb#FFFFFF\u00a0\u00bb custom_margin=\u00a0\u00bb||34px|||\u00a0\u00bb global_colors_info=\u00a0\u00bb{}\u00a0\u00bb]<\/p>\n<h3 style=\"text-align: center;\">Phone: <a href=\"tel:4182326247\">418 232-6247<\/a><\/h3>\n<h3 style=\"text-align: center;\"><\/h3>\n<p>[\/et_pb_text][et_pb_button button_url=\u00a0\u00bbhttps:\/\/app.mews.com\/distributor\/911b8151-194a-453c-bc21-b2c200e2cc74&Prime; button_text=\u00a0\u00bbBOOK here Bergeronnes\u00a0\u00bb button_alignment=\u00a0\u00bbcenter\u00a0\u00bb _builder_version=\u00a0\u00bb4.27.4&Prime; _module_preset=\u00a0\u00bbdefault\u00a0\u00bb custom_button=\u00a0\u00bbon\u00a0\u00bb button_text_color=\u00a0\u00bb#FFFFFF\u00a0\u00bb button_bg_color=\u00a0\u00bb#00222D\u00a0\u00bb button_border_width=\u00a0\u00bb5px\u00a0\u00bb button_border_radius=\u00a0\u00bb9px\u00a0\u00bb button_icon=\u00a0\u00bb&#xf487;||fa||900&Prime; hover_enabled=\u00a0\u00bb0&Prime; global_colors_info=\u00a0\u00bb{}\u00a0\u00bb sticky_enabled=\u00a0\u00bb0&Prime;][\/et_pb_button][\/et_pb_column][\/et_pb_row][\/et_pb_section][et_pb_section fb_built=\u00a0\u00bb1&Prime; specialty=\u00a0\u00bbon\u00a0\u00bb admin_label=\u00a0\u00bbSection\u00a0\u00bb module_id=\u00a0\u00bbhistoire\u00a0\u00bb _builder_version=\u00a0\u00bb4.24.0&Prime; _module_preset=\u00a0\u00bbdefault\u00a0\u00bb global_colors_info=\u00a0\u00bb{}\u00a0\u00bb][et_pb_column type=\u00a0\u00bb1_2&Prime; _builder_version=\u00a0\u00bb4.16&Prime; custom_padding=\u00a0\u00bb|||\u00a0\u00bb global_colors_info=\u00a0\u00bb{}\u00a0\u00bb custom_padding__hover=\u00a0\u00bb|||\u00a0\u00bb][et_pb_text _builder_version=\u00a0\u00bb4.24.3&Prime; _module_preset=\u00a0\u00bbdefault\u00a0\u00bb custom_margin=\u00a0\u00bb||16px|||\u00a0\u00bb global_colors_info=\u00a0\u00bb{}\u00a0\u00bb]<\/p>\n<h3><strong>About us<\/strong><\/h3>\n<p>[\/et_pb_text][et_pb_text _builder_version=\u00a0\u00bb4.24.3&Prime; _module_preset=\u00a0\u00bbdefault\u00a0\u00bb custom_margin=\u00a0\u00bb||-7px|||\u00a0\u00bb custom_padding=\u00a0\u00bb||17px|4px|false|false\u00a0\u00bb global_colors_info=\u00a0\u00bb{}\u00a0\u00bb]<\/p>\n<p>We are passionate about real estate and customer service, and are committed to helping you discover the attractions of our region!<\/p>\n<p>Acquired in 2012 in Forestville, the Motel Quatre Saisons is our first hotel establishment. Our hotel is renowned for its impeccable cleanliness and tranquility. Whether you are passing through the region for pleasure or business, our 25 rooms establishment will meet your expectations, with excellent value for money.<\/p>\n<p>In 2023, the Complexe h\u00f4telier Escoumins (formerly Complexe h\u00f4telier Pelchat) was added to our offer. This renowned establishment has 37 rooms and multiple services to enhance your stay. It\u2019s a must in the region, summer and winter!<\/p>\n<p>We also offer several types of housing in the region for medium or long-term rental, under the <a href=\"https:\/\/gestionlaprise.com\/immobilier\/\">Gestion Laprise<\/a> banner.<\/p>\n<p>Our family business can count on a dynamic and professional team. She will help you organize your accommodation in Haute-C\u00f4te-Nord, whether you are there for pleasure or business.<\/p>\n<p>Our company values :<\/p>\n<p>[\/et_pb_text][et_pb_text _builder_version=\u00a0\u00bb4.24.3&Prime; _module_preset=\u00a0\u00bbdefault\u00a0\u00bb custom_padding=\u00a0\u00bb|||21px|false|false\u00a0\u00bb global_colors_info=\u00a0\u00bb{}\u00a0\u00bb]<\/p>\n<ul>\n<li>Customer service<\/li>\n<li>Quality concerned<\/li>\n<li>Teamwork<\/li>\n<\/ul>\n<p>[\/et_pb_text][et_pb_text _builder_version=\u00a0\u00bb4.24.3&Prime; _module_preset=\u00a0\u00bbdefault\u00a0\u00bb custom_margin=\u00a0\u00bb-29px|||||\u00a0\u00bb global_colors_info=\u00a0\u00bb{}\u00a0\u00bb]<\/p>\n<p>Welcome home !<br \/><em>Julie Tremblay and St\u00e9phane Laprise. Owners<\/em><\/p>\n<p>[\/et_pb_text][\/et_pb_column][et_pb_column type=\u00a0\u00bb1_2&Prime; specialty_columns=\u00a0\u00bb2&Prime; _builder_version=\u00a0\u00bb4.16&Prime; custom_padding=\u00a0\u00bb|||\u00a0\u00bb global_colors_info=\u00a0\u00bb{}\u00a0\u00bb custom_padding__hover=\u00a0\u00bb|||\u00a0\u00bb][et_pb_row_inner _builder_version=\u00a0\u00bb4.24.3&Prime; _module_preset=\u00a0\u00bbdefault\u00a0\u00bb custom_margin=\u00a0\u00bb|7px||7px|false|true\u00a0\u00bb global_colors_info=\u00a0\u00bb{}\u00a0\u00bb][et_pb_column_inner saved_specialty_column_type=\u00a0\u00bb1_2&Prime; _builder_version=\u00a0\u00bb4.24.0&Prime; _module_preset=\u00a0\u00bbdefault\u00a0\u00bb global_colors_info=\u00a0\u00bb{}\u00a0\u00bb][et_pb_image src=\u00a0\u00bbhttps:\/\/hotelleriecotenord.com\/hebergements\/wp-content\/uploads\/2024\/04\/Julie-famille.jpg\u00a0\u00bb alt=\u00a0\u00bbJulie Tremblay et Stephane Laprise Propri\u00e9taire H\u00f4tellerie C\u00f4te Nord\u00a0\u00bb title_text=\u00a0\u00bbJulie -St\u00e9phane Propri\u00e9taire\u00a0\u00bb _builder_version=\u00a0\u00bb4.24.3&Prime; _module_preset=\u00a0\u00bbdefault\u00a0\u00bb box_shadow_style=\u00a0\u00bbpreset1&Prime; global_colors_info=\u00a0\u00bb{}\u00a0\u00bb][\/et_pb_image][\/et_pb_column_inner][\/et_pb_row_inner][\/et_pb_column][\/et_pb_section][et_pb_section fb_built=\u00a0\u00bb1&Prime; _builder_version=\u00a0\u00bb4.24.1&Prime; _module_preset=\u00a0\u00bbdefault\u00a0\u00bb global_colors_info=\u00a0\u00bb{}\u00a0\u00bb][et_pb_row column_structure=\u00a0\u00bb1_2,1_2&Prime; _builder_version=\u00a0\u00bb4.24.1&Prime; _module_preset=\u00a0\u00bbdefault\u00a0\u00bb background_color=\u00a0\u00bb#007096&Prime; width=\u00a0\u00bb74.9%\u00a0\u00bb max_width=\u00a0\u00bb1656px\u00a0\u00bb custom_padding=\u00a0\u00bb||0px|||\u00a0\u00bb global_colors_info=\u00a0\u00bb{}\u00a0\u00bb][et_pb_column type=\u00a0\u00bb1_2&Prime; _builder_version=\u00a0\u00bb4.24.1&Prime; _module_preset=\u00a0\u00bbdefault\u00a0\u00bb global_colors_info=\u00a0\u00bb{}\u00a0\u00bb][et_pb_image src=\u00a0\u00bbhttps:\/\/hotelleriecotenord.com\/en\/wp-content\/uploads\/2025\/04\/Enfants-anglais2.png\u00a0\u00bb alt=\u00a0\u00bbChildren stay for free H\u00f4tellerie C\u00f4te-Nord\u00a0\u00bb title_text=\u00a0\u00bbEnfants anglais2&Prime; align=\u00a0\u00bbcenter\u00a0\u00bb _builder_version=\u00a0\u00bb4.27.4&Prime; _module_preset=\u00a0\u00bbdefault\u00a0\u00bb background_color=\u00a0\u00bb#007096&Prime; width=\u00a0\u00bb72%\u00a0\u00bb custom_padding=\u00a0\u00bb||26px||false|false\u00a0\u00bb global_colors_info=\u00a0\u00bb{}\u00a0\u00bb][\/et_pb_image][\/et_pb_column][et_pb_column type=\u00a0\u00bb1_2&Prime; _builder_version=\u00a0\u00bb4.24.1&Prime; _module_preset=\u00a0\u00bbdefault\u00a0\u00bb global_colors_info=\u00a0\u00bb{}\u00a0\u00bb][et_pb_image src=\u00a0\u00bbhttps:\/\/hotelleriecotenord.com\/en\/wp-content\/uploads\/2025\/04\/Animaux-Anglais.png\u00a0\u00bb alt=\u00a0\u00bbSmall animals accepted H\u00f4tellerie C\u00f4te-Nord\u00a0\u00bb title_text=\u00a0\u00bbAnimaux Anglais\u00a0\u00bb align=\u00a0\u00bbcenter\u00a0\u00bb _builder_version=\u00a0\u00bb4.27.4&Prime; _module_preset=\u00a0\u00bbdefault\u00a0\u00bb width=\u00a0\u00bb72%\u00a0\u00bb global_colors_info=\u00a0\u00bb{}\u00a0\u00bb][\/et_pb_image][et_pb_text _builder_version=\u00a0\u00bb4.24.3&Prime; _module_preset=\u00a0\u00bbdefault\u00a0\u00bb text_text_color=\u00a0\u00bb#FFFFFF\u00a0\u00bb width=\u00a0\u00bb100%\u00a0\u00bb max_width=\u00a0\u00bb100%\u00a0\u00bb module_alignment=\u00a0\u00bbleft\u00a0\u00bb custom_margin=\u00a0\u00bb-28px|||||\u00a0\u00bb custom_padding=\u00a0\u00bb|10px||10px|false|true\u00a0\u00bb global_colors_info=\u00a0\u00bb{}\u00a0\u00bb]<\/p>\n<ul>\n<li>Being caged or leashed when outside<\/li>\n<li>Do not disturb other customers or be noisy<\/li>\n<li>Do not mount on chairs, beds and bedding<\/li>\n<li>Never be left alone in the room<\/li>\n<li>Be held responsible for any damage that could be caused by your pet<\/li>\n<li>Specify this when making your r\u00e9servation, a small supplement of $20 per day will be added.<\/li>\n<\/ul>\n<p>[\/et_pb_text][\/et_pb_column][\/et_pb_row][\/et_pb_section]<\/p>\n","protected":false},"excerpt":{"rendered":"<p>Phone: 418 233-2401 1-888-baleinePhone: 418 587-6666 Phone: 418 232-6247 About usWe are passionate about real estate and customer service, and are committed to helping you discover the attractions of our region! Acquired in 2012 in Forestville, the Motel Quatre Saisons is our first hotel establishment. Our hotel is renowned for its impeccable cleanliness and tranquility. Whether you are passing through the region for pleasure or business, our 25 rooms establishment will meet your expectations, with excellent value for money. In 2023, the Complexe h\u00f4telier Escoumins (formerly Complexe h\u00f4telier Pelchat) was added to our offer. This renowned establishment has 37 rooms and multiple services to enhance your stay. It\u2019s a must in the region, summer and winter! We also offer several types of housing in the region for medium or long-term rental, under the Gestion Laprise banner. Our family business can count on a dynamic and professional team. She will help you organize your accommodation in Haute-C\u00f4te-Nord, whether you are there for pleasure or business. Our company values : Customer service Quality concerned Teamwork Welcome home !Julie Tremblay and St\u00e9phane Laprise. Owners Being caged or leashed when outside Do not disturb other customers or be noisy Do not mount on chairs, [&hellip;]<\/p>\n","protected":false},"author":1,"featured_media":0,"parent":0,"menu_order":0,"comment_status":"closed","ping_status":"closed","template":"","meta":{"_et_pb_use_builder":"on","_et_pb_old_content":"<!-- wp:divi\/placeholder \/-->","_et_gb_content_width":"","footnotes":""},"class_list":["post-883","page","type-page","status-publish","hentry"],"_links":{"self":[{"href":"https:\/\/hotelleriecotenord.com\/en\/wp-json\/wp\/v2\/pages\/883","targetHints":{"allow":["GET"]}}],"collection":[{"href":"https:\/\/hotelleriecotenord.com\/en\/wp-json\/wp\/v2\/pages"}],"about":[{"href":"https:\/\/hotelleriecotenord.com\/en\/wp-json\/wp\/v2\/types\/page"}],"author":[{"embeddable":true,"href":"https:\/\/hotelleriecotenord.com\/en\/wp-json\/wp\/v2\/users\/1"}],"replies":[{"embeddable":true,"href":"https:\/\/hotelleriecotenord.com\/en\/wp-json\/wp\/v2\/comments?post=883"}],"version-history":[{"count":11,"href":"https:\/\/hotelleriecotenord.com\/en\/wp-json\/wp\/v2\/pages\/883\/revisions"}],"predecessor-version":[{"id":1092,"href":"https:\/\/hotelleriecotenord.com\/en\/wp-json\/wp\/v2\/pages\/883\/revisions\/1092"}],"wp:attachment":[{"href":"https:\/\/hotelleriecotenord.com\/en\/wp-json\/wp\/v2\/media?parent=883"}],"curies":[{"name":"wp","href":"https:\/\/api.w.org\/{rel}","templated":true}]}}